{"id":290,"date":"2020-09-10T04:41:13","date_gmt":"2020-09-10T04:41:13","guid":{"rendered":"http:\/\/herreriamendoza.com\/?page_id=290"},"modified":"2020-10-24T06:21:11","modified_gmt":"2020-10-24T06:21:11","slug":"servicios","status":"publish","type":"page","link":"https:\/\/herreriamendoza.com\/index.php\/servicios\/","title":{"rendered":"Servicios"},"content":{"rendered":"\n    \n    <section class=\"u-align-center u-clearfix u-image u-shading u-section-2\" src=\"\" data-image-width=\"780\" data-image-height=\"1040\" id=\"sec-2b39\">\n      <div class=\"u-clearfix u-sheet u-valign-middle-lg u-valign-middle-md u-valign-middle-sm u-valign-middle-xl u-sheet-1\">\n        <h1 class=\"u-custom-font u-text u-text-default u-title u-text-1\">Servicios<\/h1>\n        <span class=\"u-icon u-icon-circle u-text-custom-color-2 u-icon-1\">\n          <svg class=\"u-svg-link\" preserveAspectRatio=\"xMidYMin slice\" viewBox=\"0 0 512 512\" style=\"\"><use xlink:href=\"#svg-7e53\"><\/use><\/svg>\n          <svg xmlns=\"http:\/\/www.w3.org\/2000\/svg\" xmlns:xlink=\"http:\/\/www.w3.org\/1999\/xlink\" version=\"1.1\" xml:space=\"preserve\" class=\"u-svg-content\" viewBox=\"0 0 512 512\" id=\"svg-7e53\"><path d=\"m272.066 512h-32.133c-25.989 0-47.134-21.144-47.134-47.133v-10.871c-11.049-3.53-21.784-7.986-32.097-13.323l-7.704 7.704c-18.659 18.682-48.548 18.134-66.665-.007l-22.711-22.71c-18.149-18.129-18.671-48.008.006-66.665l7.698-7.698c-5.337-10.313-9.792-21.046-13.323-32.097h-10.87c-25.988 0-47.133-21.144-47.133-47.133v-32.134c0-25.989 21.145-47.133 47.134-47.133h10.87c3.531-11.05 7.986-21.784 13.323-32.097l-7.704-7.703c-18.666-18.646-18.151-48.528.006-66.665l22.713-22.712c18.159-18.184 48.041-18.638 66.664.006l7.697 7.697c10.313-5.336 21.048-9.792 32.097-13.323v-10.87c0-25.989 21.144-47.133 47.134-47.133h32.133c25.989 0 47.133 21.144 47.133 47.133v10.871c11.049 3.53 21.784 7.986 32.097 13.323l7.704-7.704c18.659-18.682 48.548-18.134 66.665.007l22.711 22.71c18.149 18.129 18.671 48.008-.006 66.665l-7.698 7.698c5.337 10.313 9.792 21.046 13.323 32.097h10.87c25.989 0 47.134 21.144 47.134 47.133v32.134c0 25.989-21.145 47.133-47.134 47.133h-10.87c-3.531 11.05-7.986 21.784-13.323 32.097l7.704 7.704c18.666 18.646 18.151 48.528-.006 66.665l-22.713 22.712c-18.159 18.184-48.041 18.638-66.664-.006l-7.697-7.697c-10.313 5.336-21.048 9.792-32.097 13.323v10.871c0 25.987-21.144 47.131-47.134 47.131zm-106.349-102.83c14.327 8.473 29.747 14.874 45.831 19.025 6.624 1.709 11.252 7.683 11.252 14.524v22.148c0 9.447 7.687 17.133 17.134 17.133h32.133c9.447 0 17.134-7.686 17.134-17.133v-22.148c0-6.841 4.628-12.815 11.252-14.524 16.084-4.151 31.504-10.552 45.831-19.025 5.895-3.486 13.4-2.538 18.243 2.305l15.688 15.689c6.764 6.772 17.626 6.615 24.224.007l22.727-22.726c6.582-6.574 6.802-17.438.006-24.225l-15.695-15.695c-4.842-4.842-5.79-12.348-2.305-18.242 8.473-14.326 14.873-29.746 19.024-45.831 1.71-6.624 7.684-11.251 14.524-11.251h22.147c9.447 0 17.134-7.686 17.134-17.133v-32.134c0-9.447-7.687-17.133-17.134-17.133h-22.147c-6.841 0-12.814-4.628-14.524-11.251-4.151-16.085-10.552-31.505-19.024-45.831-3.485-5.894-2.537-13.4 2.305-18.242l15.689-15.689c6.782-6.774 6.605-17.634.006-24.225l-22.725-22.725c-6.587-6.596-17.451-6.789-24.225-.006l-15.694 15.695c-4.842 4.843-12.35 5.791-18.243 2.305-14.327-8.473-29.747-14.874-45.831-19.025-6.624-1.709-11.252-7.683-11.252-14.524v-22.15c0-9.447-7.687-17.133-17.134-17.133h-32.133c-9.447 0-17.134 7.686-17.134 17.133v22.148c0 6.841-4.628 12.815-11.252 14.524-16.084 4.151-31.504 10.552-45.831 19.025-5.896 3.485-13.401 2.537-18.243-2.305l-15.688-15.689c-6.764-6.772-17.627-6.615-24.224-.007l-22.727 22.726c-6.582 6.574-6.802 17.437-.006 24.225l15.695 15.695c4.842 4.842 5.79 12.348 2.305 18.242-8.473 14.326-14.873 29.746-19.024 45.831-1.71 6.624-7.684 11.251-14.524 11.251h-22.148c-9.447.001-17.134 7.687-17.134 17.134v32.134c0 9.447 7.687 17.133 17.134 17.133h22.147c6.841 0 12.814 4.628 14.524 11.251 4.151 16.085 10.552 31.505 19.024 45.831 3.485 5.894 2.537 13.4-2.305 18.242l-15.689 15.689c-6.782 6.774-6.605 17.634-.006 24.225l22.725 22.725c6.587 6.596 17.451 6.789 24.225.006l15.694-15.695c3.568-3.567 10.991-6.594 18.244-2.304z\"><\/path><path d=\"m256 367.4c-61.427 0-111.4-49.974-111.4-111.4s49.973-111.4 111.4-111.4 111.4 49.974 111.4 111.4-49.973 111.4-111.4 111.4zm0-192.8c-44.885 0-81.4 36.516-81.4 81.4s36.516 81.4 81.4 81.4 81.4-36.516 81.4-81.4-36.515-81.4-81.4-81.4z\"><\/path><\/svg>\n        <\/span>\n      <\/div>\n    <\/section>\n    <section class=\"u-clearfix u-section-3\" id=\"sec-6f4e\">\n      <div class=\"u-clearfix u-sheet u-sheet-1\">\n        <div class=\"u-list u-repeater u-list-1\">\n          <div class=\"u-container-style u-list-item u-repeater-item\">\n            <div class=\"u-container-layout u-similar-container u-container-layout-1\">\n              <img alt=\"\" class=\"u-expanded-width u-image u-image-default u-image-1\" data-image-width=\"753\" data-image-height=\"808\" src=\"http:\/\/herreriamendoza.com\/wp-content\/uploads\/2020\/09\/2.jpeg\">\n              <h3 class=\"u-align-center u-custom-font u-text u-text-default u-text-1\">Ventanas<\/h3>\n              <div class=\"u-border-1 u-border-palette-5-dark-1 u-expanded-width u-line u-line-horizontal u-line-1\"><\/div>\n              <p class=\"u-align-center u-text u-text-2\">(Windows)<\/p>\n              <a href=\"http:\/\/herreriamendoza.com\/?page_id=378&amp;preview=true\" class=\"u-btn u-button-style u-custom-color-2 u-hover-palette-5-dark-1 u-btn-1\">Ver m\u00e1s<\/a>\n            <\/div>\n          <\/div>\n          <div class=\"u-container-style u-list-item u-repeater-item\">\n            <div class=\"u-container-layout u-similar-container u-container-layout-2\">\n              <img alt=\"\" class=\"u-expanded-width u-image u-image-default u-image-2\" data-image-width=\"2004\" data-image-height=\"2560\" src=\"http:\/\/herreriamendoza.com\/wp-content\/uploads\/2020\/09\/19-scaled.jpg\">\n              <h3 class=\"u-align-center u-custom-font u-text u-text-default u-text-3\">Puertas Met\u00e1licas<\/h3>\n              <div class=\"u-border-1 u-border-palette-5-dark-1 u-expanded-width u-line u-line-horizontal u-line-2\"><\/div>\n              <p class=\"u-align-center u-text u-text-4\">(Metallic Doors)<\/p>\n              <a href=\"http:\/\/herreriamendoza.com\/index.php\/puertas-metalicas\/\" class=\"u-btn u-button-style u-custom-color-2 u-hover-palette-5-dark-1 u-btn-2\">VER M\u00c1S<\/a>\n            <\/div>\n          <\/div>\n          <div class=\"u-container-style u-list-item u-repeater-item\">\n            <div class=\"u-container-layout u-similar-container u-container-layout-3\">\n              <img alt=\"\" class=\"u-expanded-width u-image u-image-default u-image-3\" data-image-width=\"900\" data-image-height=\"1200\" src=\"http:\/\/herreriamendoza.com\/wp-content\/uploads\/2020\/09\/3.jpg\">\n              <h3 class=\"u-align-center u-custom-font u-text u-text-default u-text-5\">Barandales<\/h3>\n              <div class=\"u-border-1 u-border-palette-5-dark-1 u-expanded-width u-line u-line-horizontal u-line-3\"><\/div>\n              <p class=\"u-align-center u-text u-text-6\">(Railings)<\/p>\n              <a href=\"http:\/\/herreriamendoza.com\/index.php\/barandales\/\" class=\"u-btn u-button-style u-custom-color-2 u-hover-palette-5-dark-1 u-btn-3\">VER M\u00c1S<\/a>\n            <\/div>\n          <\/div>\n        <\/div>\n        <div class=\"u-expanded-width u-list u-repeater u-list-2\">\n          <div class=\"u-container-style u-list-item u-repeater-item\">\n            <div class=\"u-container-layout u-similar-container u-container-layout-4\">\n              <img alt=\"\" class=\"u-expanded-width u-image u-image-default u-image-4\" data-image-width=\"1040\" data-image-height=\"780\" src=\"http:\/\/herreriamendoza.com\/wp-content\/uploads\/2020\/08\/1.png\">\n              <h3 class=\"u-align-center u-custom-font u-text u-text-7\">Escaleras<\/h3>\n              <div class=\"u-border-1 u-border-palette-5-dark-1 u-expanded-width u-line u-line-horizontal u-line-4\"><\/div>\n              <p class=\"u-align-center u-text u-text-8\">(Stairs)<\/p>\n              <a href=\"http:\/\/herreriamendoza.com\/?page_id=488&amp;preview=true\" class=\"u-btn u-button-style u-custom-color-2 u-hover-palette-5-dark-1 u-btn-4\">Ver m\u00e1s<\/a>\n            <\/div>\n          <\/div>\n          <div class=\"u-container-style u-list-item u-repeater-item\">\n            <div class=\"u-container-layout u-similar-container u-container-layout-5\">\n              <img alt=\"\" class=\"u-expanded-width u-image u-image-default u-image-5\" data-image-width=\"987\" data-image-height=\"588\" src=\"http:\/\/herreriamendoza.com\/wp-content\/uploads\/2020\/09\/1.3-1.jpeg\">\n              <h3 class=\"u-align-center u-custom-font u-text u-text-9\">Estructuras Met\u00e1licas<\/h3>\n              <div class=\"u-border-1 u-border-palette-5-dark-1 u-expanded-width u-line u-line-horizontal u-line-5\"><\/div>\n              <p class=\"u-align-center u-text u-text-10\">(Metallic structures)<\/p>\n              <a href=\"http:\/\/herreriamendoza.com\/index.php\/estructuras-metalicas\/\" class=\"u-btn u-button-style u-custom-color-2 u-hover-palette-5-dark-1 u-btn-5\">VER M\u00c1S<\/a>\n            <\/div>\n          <\/div>\n          <div class=\"u-container-style u-list-item u-repeater-item\">\n            <div class=\"u-container-layout u-similar-container u-container-layout-6\">\n              <img alt=\"\" class=\"u-expanded-width u-image u-image-default u-image-6\" data-image-width=\"1600\" data-image-height=\"1568\" src=\"http:\/\/herreriamendoza.com\/wp-content\/uploads\/2020\/09\/11.jpg\">\n              <h3 class=\"u-align-center u-custom-font u-text u-text-11\">Puertas de Garage<\/h3>\n              <div class=\"u-border-1 u-border-palette-5-dark-1 u-expanded-width u-line u-line-horizontal u-line-6\"><\/div>\n              <p class=\"u-align-center u-text u-text-12\">(Garage doors)<\/p>\n              <a href=\"http:\/\/herreriamendoza.com\/index.php\/puertas-garage\/\" class=\"u-btn u-button-style u-custom-color-2 u-hover-palette-5-dark-1 u-btn-6\">VER M\u00c1S<\/a>\n            <\/div>\n          <\/div>\n        <\/div>\n      <\/div>\n    <\/section>\n    <section class=\"u-clearfix u-section-4\" id=\"carousel_8ec2\">\n      <div class=\"u-clearfix u-sheet u-valign-middle-xs u-sheet-1\">\n        <div class=\"u-expanded-width-sm u-expanded-width-xs u-list u-repeater u-list-1\">\n          <div class=\"u-container-style u-list-item u-repeater-item\">\n            <div class=\"u-container-layout u-similar-container u-valign-top-sm u-valign-top-xs u-container-layout-1\">\n              <img alt=\"\" class=\"u-expanded-width u-image u-image-default u-image-1\" data-image-width=\"1040\" data-image-height=\"780\" src=\"http:\/\/herreriamendoza.com\/wp-content\/uploads\/2020\/09\/14.jpeg\">\n              <h3 class=\"u-align-center u-custom-font u-text u-text-1\">Portones<\/h3>\n              <div class=\"u-border-1 u-border-palette-5-dark-1 u-expanded-width u-line u-line-horizontal u-line-1\"><\/div>\n              <p class=\"u-align-center u-text u-text-2\">(Gates)<\/p>\n              <a href=\"http:\/\/herreriamendoza.com\/index.php\/portones\/\" class=\"u-btn u-button-style u-custom-color-2 u-hover-palette-5-dark-1 u-btn-1\">Ver m\u00e1s<\/a>\n            <\/div>\n          <\/div>\n          <div class=\"u-container-style u-list-item u-repeater-item\">\n            <div class=\"u-container-layout u-similar-container u-valign-top-sm u-valign-top-xs u-container-layout-2\">\n              <img alt=\"\" class=\"u-expanded-width u-image u-image-default u-image-2\" data-image-width=\"1040\" data-image-height=\"780\" src=\"http:\/\/herreriamendoza.com\/wp-content\/uploads\/2020\/09\/1.jpeg\">\n              <h3 class=\"u-align-center u-custom-font u-text u-text-3\">Toldos y Viniles<\/h3>\n              <div class=\"u-border-1 u-border-palette-5-dark-1 u-expanded-width u-line u-line-horizontal u-line-2\"><\/div>\n              <p class=\"u-align-center u-text u-text-4\">(Awnings and vinyl)<\/p>\n              <a href=\"http:\/\/herreriamendoza.com\/index.php\/toldosyviniles\/\" class=\"u-btn u-button-style u-custom-color-2 u-hover-palette-5-dark-1 u-btn-2\">VER M\u00c1S<\/a>\n            <\/div>\n          <\/div>\n          <div class=\"u-container-style u-list-item u-repeater-item\">\n            <div class=\"u-container-layout u-similar-container u-valign-top-sm u-valign-top-xs u-container-layout-3\">\n              <img alt=\"\" class=\"u-expanded-width u-image u-image-default u-image-3\" data-image-width=\"800\" data-image-height=\"533\" src=\"http:\/\/herreriamendoza.com\/wp-content\/uploads\/2020\/08\/84e1f9e6aea0098c287592c146bf7772.jpeg\">\n              <h3 class=\"u-align-center u-custom-font u-text u-text-5\">M\u00e1s trabajos<\/h3>\n              <div class=\"u-border-1 u-border-palette-5-dark-1 u-expanded-width u-line u-line-horizontal u-line-3\"><\/div>\n              <p class=\"u-align-center u-text u-text-6\">(More work)<\/p>\n              <a href=\"https:\/\/herreriamendoza.com\/?page_id=605&amp;preview=true\" class=\"u-btn u-button-style u-custom-color-2 u-hover-palette-5-dark-1 u-btn-3\">VER M\u00c1S<\/a>\n            <\/div>\n          <\/div>\n        <\/div>\n      <\/div>\n    <\/section>\n    \n    \n  \n","protected":false},"excerpt":{"rendered":"<p>Servicios Ventanas (Windows) Ver m\u00e1s Puertas Met\u00e1licas (Metallic Doors) VER M\u00c1S Barandales (Railings) VER M\u00c1S Escaleras (Stairs) Ver m\u00e1s Estructuras Met\u00e1licas (Metallic structures) VER M\u00c1S Puertas de Garage (Garage doors) VER M\u00c1S Portones (Gates) Ver m\u00e1s Toldos y Viniles (Awnings and vinyl) VER M\u00c1S M\u00e1s trabajos (More work) VER M\u00c1S<\/p>\n","protected":false},"author":1,"featured_media":0,"parent":0,"menu_order":0,"comment_status":"closed","ping_status":"closed","template":"","meta":[],"yoast_head":"<!-- This site is optimized with the Yoast SEO plugin v15.2.1 - https:\/\/yoast.com\/wordpress\/plugins\/seo\/ -->\n<title>Servicios - Herrer\u00eda Mendoza<\/title>\n<meta name=\"robots\" content=\"index, follow, max-snippet:-1, max-image-preview:large, max-video-preview:-1\" \/>\n<link rel=\"canonical\" href=\"https:\/\/herreriamendoza.com\/index.php\/servicios\/\" \/>\n<meta property=\"og:locale\" content=\"es_ES\" \/>\n<meta property=\"og:type\" content=\"article\" \/>\n<meta property=\"og:title\" content=\"Servicios - Herrer\u00eda Mendoza\" \/>\n<meta property=\"og:description\" content=\"Servicios Ventanas (Windows) Ver m\u00e1s Puertas Met\u00e1licas (Metallic Doors) VER M\u00c1S Barandales (Railings) VER M\u00c1S Escaleras (Stairs) Ver m\u00e1s Estructuras Met\u00e1licas (Metallic structures) VER M\u00c1S Puertas de Garage (Garage doors) VER M\u00c1S Portones (Gates) Ver m\u00e1s Toldos y Viniles (Awnings and vinyl) VER M\u00c1S M\u00e1s trabajos (More work) VER M\u00c1S\" \/>\n<meta property=\"og:url\" content=\"https:\/\/herreriamendoza.com\/index.php\/servicios\/\" \/>\n<meta property=\"og:site_name\" content=\"Herrer\u00eda Mendoza\" \/>\n<meta property=\"article:publisher\" content=\"https:\/\/www.facebook.com\/herreriamendoza0\/\" \/>\n<meta property=\"article:modified_time\" content=\"2020-10-24T06:21:11+00:00\" \/>\n<meta name=\"twitter:card\" content=\"summary_large_image\" \/>\n<meta name=\"twitter:label1\" content=\"Escrito por\">\n\t<meta name=\"twitter:data1\" content=\"nathalymartir\">\n\t<meta name=\"twitter:label2\" content=\"Tiempo de lectura\">\n\t<meta name=\"twitter:data2\" content=\"0 minutos\">\n<script type=\"application\/ld+json\" class=\"yoast-schema-graph\">{\"@context\":\"https:\/\/schema.org\",\"@graph\":[{\"@type\":\"WebSite\",\"@id\":\"https:\/\/herreriamendoza.com\/#website\",\"url\":\"https:\/\/herreriamendoza.com\/\",\"name\":\"Herrer\\u00eda Mendoza\",\"description\":\"Otro sitio realizado con WordPress\",\"potentialAction\":[{\"@type\":\"SearchAction\",\"target\":\"https:\/\/herreriamendoza.com\/?s={search_term_string}\",\"query-input\":\"required name=search_term_string\"}],\"inLanguage\":\"es\"},{\"@type\":\"WebPage\",\"@id\":\"https:\/\/herreriamendoza.com\/index.php\/servicios\/#webpage\",\"url\":\"https:\/\/herreriamendoza.com\/index.php\/servicios\/\",\"name\":\"Servicios - Herrer\\u00eda Mendoza\",\"isPartOf\":{\"@id\":\"https:\/\/herreriamendoza.com\/#website\"},\"datePublished\":\"2020-09-10T04:41:13+00:00\",\"dateModified\":\"2020-10-24T06:21:11+00:00\",\"inLanguage\":\"es\",\"potentialAction\":[{\"@type\":\"ReadAction\",\"target\":[\"https:\/\/herreriamendoza.com\/index.php\/servicios\/\"]}]}]}<\/script>\n<!-- \/ Yoast SEO plugin. -->","_links":{"self":[{"href":"https:\/\/herreriamendoza.com\/index.php\/wp-json\/wp\/v2\/pages\/290"}],"collection":[{"href":"https:\/\/herreriamendoza.com\/index.php\/wp-json\/wp\/v2\/pages"}],"about":[{"href":"https:\/\/herreriamendoza.com\/index.php\/wp-json\/wp\/v2\/types\/page"}],"author":[{"embeddable":true,"href":"https:\/\/herreriamendoza.com\/index.php\/wp-json\/wp\/v2\/users\/1"}],"replies":[{"embeddable":true,"href":"https:\/\/herreriamendoza.com\/index.php\/wp-json\/wp\/v2\/comments?post=290"}],"version-history":[{"count":13,"href":"https:\/\/herreriamendoza.com\/index.php\/wp-json\/wp\/v2\/pages\/290\/revisions"}],"predecessor-version":[{"id":375,"href":"https:\/\/herreriamendoza.com\/index.php\/wp-json\/wp\/v2\/pages\/290\/revisions\/375"}],"wp:attachment":[{"href":"https:\/\/herreriamendoza.com\/index.php\/wp-json\/wp\/v2\/media?parent=290"}],"curies":[{"name":"wp","href":"https:\/\/api.w.org\/{rel}","templated":true}]}}