{"id":268,"date":"2020-09-10T00:12:55","date_gmt":"2020-09-10T00:12:55","guid":{"rendered":"http:\/\/herreriamendoza.com\/index.php\/inicio\/"},"modified":"2020-11-05T09:56:14","modified_gmt":"2020-11-05T09:56:14","slug":"herrreria-en-tijuana","status":"publish","type":"page","link":"https:\/\/herreriamendoza.com\/","title":{"rendered":"Inicio"},"content":{"rendered":"\n    \n    <section class=\"u-align-center u-clearfix u-valign-middle-md u-section-2\" id=\"sec-5a0c\">\n      <div id=\"carousel-a368\" data-interval=\"2250\" data-u-ride=\"carousel\" class=\"u-carousel u-expanded-width u-slider u-slider-1\">\n        <ol class=\"u-absolute-hcenter u-carousel-indicators u-carousel-indicators-1\">\n          <li data-u-target=\"#carousel-a368\" class=\"u-active u-grey-30\" data-u-slide-to=\"0\"><\/li>\n          <li data-u-target=\"#carousel-a368\" class=\"u-grey-30\" data-u-slide-to=\"1\"><\/li>\n          <li data-u-target=\"#carousel-a368\" class=\"u-grey-30\" data-u-slide-to=\"2\"><\/li>\n          <li data-u-target=\"#carousel-a368\" class=\"u-grey-30\" data-u-slide-to=\"3\"><\/li>\n        <\/ol>\n        <div class=\"u-carousel-inner\" role=\"listbox\">\n          <div class=\"u-active u-align-left u-carousel-item u-container-style u-image u-slide u-image-1\" data-image-width=\"1280\" data-image-height=\"960\">\n            <div class=\"u-container-layout u-container-layout-1\"><\/div>\n          <\/div>\n          <div class=\"u-carousel-item u-container-style u-expanded-width u-image u-slide u-image-2\" data-image-width=\"1040\" data-image-height=\"780\">\n            <div class=\"u-container-layout u-container-layout-2\"><\/div>\n          <\/div>\n          <div class=\"test-slide u-carousel-item u-container-style u-image u-slide u-image-3\" data-image-width=\"987\" data-image-height=\"588\">\n            <div class=\"u-container-layout u-container-layout-3\"><\/div>\n          <\/div>\n          <div class=\"test-slide u-carousel-item u-container-style u-image u-slide u-image-4\" data-image-width=\"1040\" data-image-height=\"780\">\n            <div class=\"u-container-layout u-container-layout-4\"><\/div>\n          <\/div>\n        <\/div>\n        <a class=\"u-absolute-vcenter u-carousel-control u-carousel-control-prev u-opacity u-opacity-40 u-spacing-14 u-text-body-alt-color u-carousel-control-1\" href=\"#carousel-a368\" role=\"button\" data-u-slide=\"prev\">\n          <span aria-hidden=\"true\">\n            <svg viewBox=\"0 0 477.175 477.175\"><path d=\"M145.188,238.575l215.5-215.5c5.3-5.3,5.3-13.8,0-19.1s-13.8-5.3-19.1,0l-225.1,225.1c-5.3,5.3-5.3,13.8,0,19.1l225.1,225\n                    c2.6,2.6,6.1,4,9.5,4s6.9-1.3,9.5-4c5.3-5.3,5.3-13.8,0-19.1L145.188,238.575z\"><\/path><\/svg>\n          <\/span>\n          <span class=\"sr-only\">+Previous<\/span>\n        <\/a>\n        <a class=\"u-absolute-vcenter u-carousel-control u-carousel-control-next u-opacity u-opacity-40 u-spacing-14 u-text-body-alt-color u-carousel-control-2\" href=\"#carousel-a368\" role=\"button\" data-u-slide=\"next\">\n          <span aria-hidden=\"true\">\n            <svg viewBox=\"0 0 477.175 477.175\"><path d=\"M360.731,229.075l-225.1-225.1c-5.3-5.3-13.8-5.3-19.1,0s-5.3,13.8,0,19.1l215.5,215.5l-215.5,215.5\n                    c-5.3,5.3-5.3,13.8,0,19.1c2.6,2.6,6.1,4,9.5,4c3.4,0,6.9-1.3,9.5-4l225.1-225.1C365.931,242.875,365.931,234.275,360.731,229.075z\"><\/path><\/svg>\n          <\/span>\n          <span class=\"sr-only\">+Next<\/span>\n        <\/a>\n      <\/div>\n    <\/section>\n    <section class=\"u-clearfix u-white u-section-3\" id=\"carousel_51be\">\n      <h1 class=\"u-align-center u-custom-font u-font-oswald u-text u-text-grey-75 u-text-1\" data-animation-name=\"fadeIn\" data-animation-duration=\"1000\" data-animation-delay=\"0\">Nosotros<\/h1>\n      <p class=\"u-align-justify u-custom-font u-text u-text-2\" data-animation-name=\"fadeIn\" data-animation-duration=\"1000\" data-animation-delay=\"0\">En<b>&nbsp;Herrer\u00eda&nbsp;\"Mendoza\"<\/b> contamos con m\u00e1s de <b>2<\/b><b style=\"\">0 a\u00f1os<\/b>&nbsp;de experiencia y la ponemos a tu disposici\u00f3n. Contamos con un personal que ofrece <b>servicio profesional<\/b>, hacemos realidad los proyectos para tu casa, oficina o lugares especiales para ti. En las im\u00e1genes que te mostramos puedes apreciar un&nbsp;<b>talento art\u00edstico&nbsp; y personalizado<\/b> el cual genera espacios c\u00f3modos y modernos.<br>Realizamos una gran variedad de <b>productos fabricados en herrer\u00eda<\/b>, nos ajustamos de acuerdo a tus necesidades en dimensi\u00f3n, funcionalismo y econom\u00eda.&nbsp;<br>\n        <br>\n      <\/p>\n      <div class=\"u-container-style u-expanded-width-lg u-expanded-width-md u-expanded-width-sm u-expanded-width-xs u-group u-palette-5-dark-3 u-group-1\">\n        <div class=\"u-container-layout u-valign-middle-lg u-valign-middle-md u-valign-middle-sm u-valign-middle-xs u-container-layout-1\"><\/div>\n      <\/div>\n      <img class=\"u-expand-resize u-image u-image-1\" src=\"https:\/\/herreriamendoza.com\/wp-content\/uploads\/2020\/10\/herreria4.jpeg\" data-image-width=\"485\" data-image-height=\"397\">\n      <div class=\"u-clearfix u-custom-html u-opacity u-opacity-0 u-custom-html-1\">google-site-verification: googled31749de52a67465.html<\/div>\n    <\/section>\n    <section class=\"u-clearfix u-section-4\" id=\"carousel_87b5\">\n      <div class=\"u-clearfix u-sheet u-valign-middle-md u-sheet-1\">\n        <div class=\"u-custom-color-3 u-expanded-height-lg u-expanded-height-md u-expanded-height-xl u-shape u-shape-rectangle u-shape-1\"><\/div>\n        <div class=\"u-align-left u-container-style u-group u-group-1\">\n          <div class=\"u-container-layout u-container-layout-1\">\n            <h1 class=\"u-custom-font u-font-oswald u-text u-text-1\" data-animation-name=\"fadeIn\" data-animation-duration=\"1000\" data-animation-delay=\"0\">Servicios<\/h1>\n            <p class=\"u-custom-font u-text u-text-2\" data-animation-name=\"fadeIn\" data-animation-duration=\"1000\" data-animation-delay=\"0\">Gran variedad de servicios&nbsp;<br>y opciones&nbsp;que tenemos&nbsp;<br>para ti\n            <\/p>\n          <\/div>\n        <\/div>\n        <div class=\"u-clearfix u-gutter-30 u-layout-wrap u-layout-wrap-1\">\n          <div class=\"u-gutter-0 u-layout\">\n            <div class=\"u-layout-col\">\n              <div class=\"u-size-20\">\n                <div class=\"u-layout-row\">\n                  <div class=\"u-container-style u-image u-layout-cell u-left-cell u-size-20 u-size-20-md u-image-1\" data-image-width=\"2549\" data-image-height=\"2560\">\n                    <div class=\"u-container-layout\"><\/div>\n                  <\/div>\n                  <div class=\"u-container-style u-image u-layout-cell u-size-20 u-size-20-md u-image-2\" data-image-width=\"900\" data-image-height=\"1200\">\n                    <div class=\"u-container-layout\"><\/div>\n                  <\/div>\n                  <div class=\"u-container-style u-image u-layout-cell u-right-cell u-size-20 u-size-20-md u-image-3\" data-image-width=\"2560\" data-image-height=\"1920\">\n                    <div class=\"u-container-layout\"><\/div>\n                  <\/div>\n                <\/div>\n              <\/div>\n              <div class=\"u-size-40\">\n                <div class=\"u-layout-row\">\n                  <div class=\"u-size-20\">\n                    <div class=\"u-layout-col\">\n                      <div class=\"u-container-style u-image u-layout-cell u-left-cell u-size-30 u-image-4\" data-image-width=\"625\" data-image-height=\"469\">\n                        <div class=\"u-container-layout\"><\/div>\n                      <\/div>\n                      <div class=\"u-container-style u-expand-resize u-image u-layout-cell u-left-cell u-size-30 u-image-5\" data-image-width=\"534\" data-image-height=\"400\">\n                        <div class=\"u-container-layout\"><\/div>\n                      <\/div>\n                    <\/div>\n                  <\/div>\n                  <div class=\"u-size-40\">\n                    <div class=\"u-layout-row\">\n                      <div class=\"u-container-style u-image u-layout-cell u-right-cell u-size-60 u-image-6\" data-image-width=\"500\" data-image-height=\"759\">\n                        <div class=\"u-container-layout u-valign-bottom-md u-valign-bottom-sm u-container-layout-7\"><\/div>\n                      <\/div>\n                    <\/div>\n                  <\/div>\n                <\/div>\n              <\/div>\n            <\/div>\n          <\/div>\n        <\/div>\n        <a href=\"https:\/\/herreriamendoza.com\/index.php\/servicios\/\" class=\"u-border-2 u-border-hover-palette-5-dark-3 u-border-palette-5-dark-3 u-btn u-button-style u-hover-palette-5-dark-3 u-palette-5-dark-3 u-btn-1\">VER M\u00c1S<\/a>\n      <\/div>\n    <\/section>\n    <section class=\"u-clearfix u-white u-section-5\" id=\"carousel_b529\">\n      <div class=\"u-clearfix u-sheet u-valign-middle-md u-valign-middle-sm u-sheet-1\">\n        <div class=\"u-container-style u-expanded-width-lg u-expanded-width-xl u-expanded-width-xs u-group u-palette-5-dark-3 u-shape-rectangle u-group-1\">\n          <div class=\"u-container-layout u-container-layout-1\">\n            <h2 class=\"u-custom-font u-font-oswald u-text u-text-default u-text-1\">CONTACTO<\/h2>\n          <\/div>\n        <\/div>\n        <div class=\"u-clearfix u-expanded-width u-gutter-0 u-layout-wrap u-layout-wrap-1\">\n          <div class=\"u-layout\">\n            <div class=\"u-layout-col\">\n              <div class=\"u-size-30\">\n                <div class=\"u-layout-row\">\n                  <div class=\"u-container-style u-layout-cell u-left-cell u-size-20 u-layout-cell-1\">\n                    <div class=\"u-container-layout u-container-layout-2\"><span class=\"u-icon u-icon-circle u-text-custom-color-2 u-icon-1\"><svg class=\"u-svg-link\" preserveAspectRatio=\"xMidYMin slice\" viewBox=\"0 0 512 512\" style=\"\"><use xlink:href=\"#svg-fb01\"><\/use><\/svg><svg xmlns=\"http:\/\/www.w3.org\/2000\/svg\" xmlns:xlink=\"http:\/\/www.w3.org\/1999\/xlink\" version=\"1.1\" id=\"svg-fb01\" x=\"0px\" y=\"0px\" viewBox=\"0 0 512 512\" style=\"enable-background:new 0 0 512 512;\" xml:space=\"preserve\" class=\"u-svg-content\"><g><g><path d=\"M256,0C153.755,0,70.573,83.182,70.573,185.426c0,126.888,165.939,313.167,173.004,321.035    c6.636,7.391,18.222,7.378,24.846,0c7.065-7.868,173.004-194.147,173.004-321.035C441.425,83.182,358.244,0,256,0z M256,278.719    c-51.442,0-93.292-41.851-93.292-93.293S204.559,92.134,256,92.134s93.291,41.851,93.291,93.293S307.441,278.719,256,278.719z\"><\/path>\n<\/g>\n<\/g><g><\/g><g><\/g><g><\/g><g><\/g><g><\/g><g><\/g><g><\/g><g><\/g><g><\/g><g><\/g><g><\/g><g><\/g><g><\/g><g><\/g><g><\/g><\/svg><\/span>\n                      <h6 class=\"u-align-center u-custom-font u-font-oswald u-text u-text-default u-text-2\">DIRECCI\u00d3N<\/h6>\n                      <p class=\"u-align-center u-custom-font u-text u-text-default u-text-3\">Av. Cucapah Lote 1215,<br>Col. Ejido Matamoros, Tijuana, B.C\n                      <\/p>\n                    <\/div>\n                  <\/div>\n                  <div class=\"u-container-style u-layout-cell u-size-20 u-layout-cell-2\">\n                    <div class=\"u-container-layout u-container-layout-3\"><span class=\"u-icon u-icon-circle u-text-custom-color-2 u-icon-2\"><svg class=\"u-svg-link\" preserveAspectRatio=\"xMidYMin slice\" viewBox=\"0 0 384 384\" style=\"\"><use xlink:href=\"#svg-cd86\"><\/use><\/svg><svg xmlns=\"http:\/\/www.w3.org\/2000\/svg\" xmlns:xlink=\"http:\/\/www.w3.org\/1999\/xlink\" version=\"1.1\" id=\"svg-cd86\" x=\"0px\" y=\"0px\" viewBox=\"0 0 384 384\" style=\"enable-background:new 0 0 384 384;\" xml:space=\"preserve\" class=\"u-svg-content\"><g><g><path d=\"M353.188,252.052c-23.51,0-46.594-3.677-68.469-10.906c-10.719-3.656-23.896-0.302-30.438,6.417l-43.177,32.594    c-50.073-26.729-80.917-57.563-107.281-107.26l31.635-42.052c8.219-8.208,11.167-20.198,7.635-31.448    c-7.26-21.99-10.948-45.063-10.948-68.583C132.146,13.823,118.323,0,101.333,0H30.813C13.823,0,0,13.823,0,30.813    C0,225.563,158.438,384,353.188,384c16.99,0,30.813-13.823,30.813-30.813v-70.323C384,265.875,370.177,252.052,353.188,252.052z\"><\/path>\n<\/g>\n<\/g><g><\/g><g><\/g><g><\/g><g><\/g><g><\/g><g><\/g><g><\/g><g><\/g><g><\/g><g><\/g><g><\/g><g><\/g><g><\/g><g><\/g><g><\/g><\/svg><\/span>\n                      <h6 class=\"u-align-center u-custom-font u-font-oswald u-text u-text-4\">N\u00daMERO DE TEL\u00c9FONO<\/h6>\n                      <p class=\"u-align-center-xl u-custom-font u-text u-text-default u-text-5\">(664) 197-4920<\/p>\n                    <\/div>\n                  <\/div>\n                  <div class=\"u-align-center-lg u-align-center-md u-align-center-sm u-align-center-xs u-container-style u-layout-cell u-right-cell u-size-20 u-layout-cell-3\">\n                    <div class=\"u-container-layout u-valign-top u-container-layout-4\"><span class=\"u-icon u-icon-circle u-text-custom-color-2 u-icon-3\"><svg class=\"u-svg-link\" preserveAspectRatio=\"xMidYMin slice\" viewBox=\"0 0 512 512\" style=\"\"><use xlink:href=\"#svg-d2c4\"><\/use><\/svg><svg xmlns=\"http:\/\/www.w3.org\/2000\/svg\" xmlns:xlink=\"http:\/\/www.w3.org\/1999\/xlink\" version=\"1.1\" id=\"svg-d2c4\" x=\"0px\" y=\"0px\" viewBox=\"0 0 512 512\" style=\"enable-background:new 0 0 512 512;\" xml:space=\"preserve\" class=\"u-svg-content\"><g><g><path d=\"M467,61H45c-6.927,0-13.412,1.703-19.279,4.51L255,294.789l51.389-49.387c0,0,0.004-0.005,0.005-0.007    c0.001-0.002,0.005-0.004,0.005-0.004L486.286,65.514C480.418,62.705,473.929,61,467,61z\"><\/path>\n<\/g>\n<\/g><g><g><path d=\"M507.496,86.728L338.213,256.002L507.49,425.279c2.807-5.867,4.51-12.352,4.51-19.279V106    C512,99.077,510.301,92.593,507.496,86.728z\"><\/path>\n<\/g>\n<\/g><g><g><path d=\"M4.51,86.721C1.703,92.588,0,99.073,0,106v300c0,6.923,1.701,13.409,4.506,19.274L173.789,256L4.51,86.721z\"><\/path>\n<\/g>\n<\/g><g><g><path d=\"M317.002,277.213l-51.396,49.393c-2.93,2.93-6.768,4.395-10.605,4.395s-7.676-1.465-10.605-4.395L195,277.211    L25.714,446.486C31.582,449.295,38.071,451,45,451h422c6.927,0,13.412-1.703,19.279-4.51L317.002,277.213z\"><\/path>\n<\/g>\n<\/g><g><\/g><g><\/g><g><\/g><g><\/g><g><\/g><g><\/g><g><\/g><g><\/g><g><\/g><g><\/g><g><\/g><g><\/g><g><\/g><g><\/g><g><\/g><\/svg><\/span>\n                      <h6 class=\"u-align-center-xl u-custom-font u-font-oswald u-text u-text-default u-text-6\">mail<\/h6>\n                      <p class=\"u-align-center-xl u-custom-font u-text u-text-7\">info@herreriamendoza.com<\/p>\n                    <\/div>\n                  <\/div>\n                <\/div>\n              <\/div>\n              <div class=\"u-size-30\">\n                <div class=\"u-layout-row\">\n                  <div class=\"u-size-30\">\n                    <div class=\"u-layout-col\">\n                      <div class=\"u-container-style u-layout-cell u-left-cell u-size-60 u-layout-cell-4\">\n                        <div class=\"u-container-layout u-container-layout-5\">\n                          <h3 class=\"u-custom-font u-font-oswald u-text u-text-default u-text-8\">COTIZACIONES TOTALMENTE GRATIS<\/h3>\n                          <h6 class=\"u-custom-font u-text u-text-black u-text-default u-text-9\">|Disponible las 24 horas!<\/h6>\n                          <div class=\"u-form u-form-1\">\n                            <form action=\"https:\/\/herreriamendoza.com\/wp-content\/plugins\/nicepage\/templates\/form.php?id=268&formId=carousel_b529\" method=\"POST\" class=\"u-clearfix u-form-spacing-10 u-form-vertical u-inner-form\" style=\"padding: 0;\" source=\"customphp\" name=\"form\">\n                              <div class=\"u-form-group u-form-name u-form-group-1\">\n                                <label for=\"name-3d90\" class=\"u-form-control-hidden u-label\">Name<\/label>\n                                <input type=\"text\" placeholder=\"\" id=\"name-3d90\" name=\"name\" class=\"u-grey-10 u-input u-input-rectangle\" required=\"\">\n                              <\/div>\n                              <div class=\"u-form-email u-form-group u-form-group-2\">\n                                <label for=\"email-3d90\" class=\"u-form-control-hidden u-label\">Email<\/label>\n                                <input type=\"email\" placeholder=\"Enter a valid email address\" id=\"email-3d90\" name=\"email\" class=\"u-grey-10 u-input u-input-rectangle\" required=\"\">\n                              <\/div>\n                              <div class=\"u-form-group u-form-message u-form-group-3\">\n                                <label for=\"message-3d90\" class=\"u-form-control-hidden u-label\">Message<\/label>\n                                <textarea placeholder=\"Enter your message\" rows=\"4\" cols=\"50\" id=\"message-3d90\" name=\"message\" class=\"u-grey-10 u-input u-input-rectangle\" required=\"\"><\/textarea>\n                              <\/div>\n                              <div class=\"u-align-left u-form-group u-form-submit u-form-group-4\">\n                                <a href=\"https:\/\/nicepage.com\/\" class=\"u-btn u-btn-submit u-button-style u-hover-palette-5-dark-2 u-palette-5-dark-3 u-btn-1\">ENVIAR<\/a>\n                                <input type=\"submit\" value=\"submit\" class=\"u-form-control-hidden\">\n                              <\/div>\n                              <div class=\"u-form-send-message u-form-send-success\"> Thank you! Your message has been sent. <\/div>\n                              <div class=\"u-form-send-error u-form-send-message\"> Unable to send your message. Please fix errors then try again. <\/div>\n                              <input type=\"hidden\" value=\"\" name=\"recaptchaResponse\">\n                            <\/form>\n                          <\/div>\n                        <\/div>\n                      <\/div>\n                    <\/div>\n                  <\/div>\n                  <div class=\"u-size-30\">\n                    <div class=\"u-layout-col\">\n                      <div class=\"u-container-style u-layout-cell u-right-cell u-size-60 u-layout-cell-5\">\n                        <div class=\"u-container-layout u-valign-top-xs u-container-layout-6\">\n                          <h3 class=\"u-align-left-xs u-custom-font u-font-oswald u-text u-text-10\">ENCUENTRANOS AQU\u00cd<\/h3>\n                          <h6 class=\"u-custom-font u-text u-text-11\">LUNES-VIERNES 8:30am- 5pm \/ TEL\u00c9FONO DISPONIBLE 24\/7<\/h6>\n                          <div class=\"u-expanded-width-sm u-expanded-width-xs u-grey-light-2 u-map u-map-1\">\n                            <div class=\"embed-responsive\">\n                              <iframe class=\"embed-responsive-item\" src=\"\/\/maps.google.com\/maps?output=embed&amp;q=bulevar%20cucapah%20calle%20francisco%20I%20madero%20lote%201215%2040c%2C%20Ejido%20Matamoros%2C%2022204%20Tijuana%2C%20B.C.&amp;z=16&amp;t=m\" data-map=\"JTdCJTIyYWRkcmVzcyUyMiUzQSUyMmJ1bGV2YXIlMjBjdWNhcGFoJTIwY2FsbGUlMjBmcmFuY2lzY28lMjBJJTIwbWFkZXJvJTIwbG90ZSUyMDEyMTUlMjA0MGMlMkMlMjBFamlkbyUyME1hdGFtb3JvcyUyQyUyMDIyMjA0JTIwVGlqdWFuYSUyQyUyMEIuQy4lMjIlMkMlMjJ6b29tJTIyJTNBMTYlMkMlMjJ0eXBlSWQlMjIlM0ElMjJyb2FkJTIyJTJDJTIybGFuZyUyMiUzQSUyMiUyMiU3RA==\"><\/iframe>\n                            <\/div>\n                          <\/div>\n                        <\/div>\n                      <\/div>\n                    <\/div>\n                  <\/div>\n                <\/div>\n              <\/div>\n            <\/div>\n          <\/div>\n        <\/div>\n      <\/div>\n    <\/section>\n    \n    \n  \n","protected":false},"excerpt":{"rendered":"<p>+Previous +Next Nosotros En&nbsp;Herrer\u00eda&nbsp;\u00abMendoza\u00bb contamos con m\u00e1s de 20 a\u00f1os&nbsp;de experiencia y la ponemos a tu disposici\u00f3n. Contamos con un personal que ofrece servicio profesional, hacemos realidad los proyectos para tu casa, oficina o lugares especiales para ti. En las im\u00e1genes que te mostramos puedes apreciar un&nbsp;talento art\u00edstico&nbsp; y personalizado el cual genera espacios c\u00f3modos &hellip; <a href=\"https:\/\/herreriamendoza.com\/\" class=\"more-link\">Continue reading<span class=\"screen-reader-text\"> \u00abInicio\u00bb<\/span><\/a><\/p>\n","protected":false},"author":1,"featured_media":640,"parent":0,"menu_order":1,"comment_status":"closed","ping_status":"closed","template":"","meta":[],"yoast_head":"<!-- This site is optimized with the Yoast SEO plugin v15.2.1 - https:\/\/yoast.com\/wordpress\/plugins\/seo\/ -->\n<title>Herreria Mendoza en Tijuana Baja California,M\u00e9xico<\/title>\n<meta name=\"description\" content=\"Somos una Herrer\u00eda en Tijuana,B.C. Contamos con m\u00e1s de 20 a\u00f1os de servicio con gran experiencia en ventanas, puertas, portones,etc.\" \/>\n<meta name=\"robots\" content=\"index, follow, max-snippet:-1, max-image-preview:large, max-video-preview:-1\" \/>\n<link rel=\"canonical\" href=\"https:\/\/herreriamendoza.com\/\" \/>\n<meta property=\"og:locale\" content=\"es_ES\" \/>\n<meta property=\"og:type\" content=\"article\" \/>\n<meta property=\"og:title\" content=\"Herreria Mendoza en Tijuana Baja California,M\u00e9xico\" \/>\n<meta property=\"og:description\" content=\"Somos una Herrer\u00eda en Tijuana,B.C. Contamos con m\u00e1s de 20 a\u00f1os de servicio con gran experiencia en ventanas, puertas, portones,etc.\" \/>\n<meta property=\"og:url\" content=\"https:\/\/herreriamendoza.com\/\" \/>\n<meta property=\"og:site_name\" content=\"Herrer\u00eda Mendoza\" \/>\n<meta property=\"article:publisher\" content=\"https:\/\/www.facebook.com\/herreriamendoza0\/\" \/>\n<meta property=\"article:modified_time\" content=\"2020-11-05T09:56:14+00:00\" \/>\n<meta property=\"og:image\" content=\"https:\/\/herreriamendoza.com\/wp-content\/uploads\/2020\/10\/herreriamendoza2.png\" \/>\n\t<meta property=\"og:image:width\" content=\"568\" \/>\n\t<meta property=\"og:image:height\" content=\"248\" \/>\n<meta name=\"twitter:card\" content=\"summary_large_image\" \/>\n<meta name=\"twitter:label1\" content=\"Escrito por\">\n\t<meta name=\"twitter:data1\" content=\"nathalymartir\">\n\t<meta name=\"twitter:label2\" content=\"Tiempo de lectura\">\n\t<meta name=\"twitter:data2\" content=\"1 minuto\">\n<script type=\"application\/ld+json\" class=\"yoast-schema-graph\">{\"@context\":\"https:\/\/schema.org\",\"@graph\":[{\"@type\":\"WebSite\",\"@id\":\"https:\/\/herreriamendoza.com\/#website\",\"url\":\"https:\/\/herreriamendoza.com\/\",\"name\":\"Herrer\\u00eda Mendoza\",\"description\":\"Otro sitio realizado con WordPress\",\"potentialAction\":[{\"@type\":\"SearchAction\",\"target\":\"https:\/\/herreriamendoza.com\/?s={search_term_string}\",\"query-input\":\"required name=search_term_string\"}],\"inLanguage\":\"es\"},{\"@type\":\"ImageObject\",\"@id\":\"https:\/\/herreriamendoza.com\/#primaryimage\",\"inLanguage\":\"es\",\"url\":\"https:\/\/herreriamendoza.com\/wp-content\/uploads\/2020\/10\/herreriamendoza2.png\",\"width\":568,\"height\":248},{\"@type\":\"WebPage\",\"@id\":\"https:\/\/herreriamendoza.com\/#webpage\",\"url\":\"https:\/\/herreriamendoza.com\/\",\"name\":\"Herreria Mendoza en Tijuana Baja California,M\\u00e9xico\",\"isPartOf\":{\"@id\":\"https:\/\/herreriamendoza.com\/#website\"},\"primaryImageOfPage\":{\"@id\":\"https:\/\/herreriamendoza.com\/#primaryimage\"},\"datePublished\":\"2020-09-10T00:12:55+00:00\",\"dateModified\":\"2020-11-05T09:56:14+00:00\",\"description\":\"Somos una Herrer\\u00eda en Tijuana,B.C. Contamos con m\\u00e1s de 20 a\\u00f1os de servicio con gran experiencia en ventanas, puertas, portones,etc.\",\"inLanguage\":\"es\",\"potentialAction\":[{\"@type\":\"ReadAction\",\"target\":[\"https:\/\/herreriamendoza.com\/\"]}]}]}<\/script>\n<!-- \/ Yoast SEO plugin. -->","_links":{"self":[{"href":"https:\/\/herreriamendoza.com\/index.php\/wp-json\/wp\/v2\/pages\/268"}],"collection":[{"href":"https:\/\/herreriamendoza.com\/index.php\/wp-json\/wp\/v2\/pages"}],"about":[{"href":"https:\/\/herreriamendoza.com\/index.php\/wp-json\/wp\/v2\/types\/page"}],"author":[{"embeddable":true,"href":"https:\/\/herreriamendoza.com\/index.php\/wp-json\/wp\/v2\/users\/1"}],"replies":[{"embeddable":true,"href":"https:\/\/herreriamendoza.com\/index.php\/wp-json\/wp\/v2\/comments?post=268"}],"version-history":[{"count":33,"href":"https:\/\/herreriamendoza.com\/index.php\/wp-json\/wp\/v2\/pages\/268\/revisions"}],"predecessor-version":[{"id":756,"href":"https:\/\/herreriamendoza.com\/index.php\/wp-json\/wp\/v2\/pages\/268\/revisions\/756"}],"wp:featuredmedia":[{"embeddable":true,"href":"https:\/\/herreriamendoza.com\/index.php\/wp-json\/wp\/v2\/media\/640"}],"wp:attachment":[{"href":"https:\/\/herreriamendoza.com\/index.php\/wp-json\/wp\/v2\/media?parent=268"}],"curies":[{"name":"wp","href":"https:\/\/api.w.org\/{rel}","templated":true}]}}